{"id":2,"date":"2014-09-30T11:54:30","date_gmt":"2014-09-30T11:54:30","guid":{"rendered":"http:\/\/themes.muffingroup.com\/be\/plumber\/?page_id=2"},"modified":"2026-02-27T05:32:33","modified_gmt":"2026-02-27T05:32:33","slug":"istanbul-sedna-drenaj-firmasi-2","status":"publish","type":"page","link":"https:\/\/sednadrenaj.com\/","title":{"rendered":"Sedna Drenaj"},"content":{"rendered":"<div class=\"wpb-content-wrapper\"><p>[vc_row][vc_column][vc_separator color=&#8221;blue&#8221; style=&#8221;shadow&#8221; css=&#8221;&#8221;][\/vc_column][\/vc_row][vc_row][vc_column][vc_column_text css=&#8221;&#8221;]<\/p>\n<h5 style=\"text-align: center;\">&#8220;As\u0131l olan yapt\u0131\u011f\u0131n\u0131z i\u015fi sevmektir. Sevdi\u011finiz i\u015f size keyif verir, ald\u0131\u011f\u0131n\u0131z keyfin kar\u015f\u0131l\u0131\u011f\u0131nda daha g\u00fczel \u015feyler yapmak istersiniz. \u0130\u015fte Ar-Ge&#8217;nin p\u00fcf noktas\u0131 burada ba\u015flar kan\u0131m\u0131zca. Biz ba\u015far\u0131m\u0131z\u0131 memnuniyetinizle \u00f6l\u00e7eriz. Ve bizim i\u00e7in her zaman sevgi, sayg\u0131 ve samimiyettir as\u0131l olan.<br \/>\nBilir ve inan\u0131r\u0131zki, ticaretin hilesi d\u00fcr\u00fcstl\u00fckt\u00fcr.&#8221;<br \/>\nSEDNA&nbsp;<\/h5>\n<p>[\/vc_column_text][\/vc_column][\/vc_row][vc_row][vc_column][vc_cta h2=&#8221;Ke\u015fif \u0130\u00e7in&#8221; h4=&#8221;Randevu olu\u015fturmak ister misiniz?&#8221; txt_align=&#8221;center&#8221; shape=&#8221;round&#8221; add_button=&#8221;bottom&#8221; btn_title=&#8221;Randevu Talep Formu&#8221; btn_shape=&#8221;square&#8221; btn_color=&#8221;warning&#8221; btn_size=&#8221;lg&#8221; btn_align=&#8221;center&#8221; btn_i_icon_fontawesome=&#8221;fa fa-solid fa-phone-flip&#8221; css=&#8221;&#8221; btn_add_icon=&#8221;true&#8221; btn_link=&#8221;url:https%3A%2F%2Fsednadrenaj.com%2Findex.php%2Fistanbul-drenaj-firmasi-ariyorum%2F&#8221;]<\/p>\n<p class=\"big\">\u0130stanbul i\u00e7i ke\u015fif \u00fccretimiz 4000 TL dir.&nbsp; \u00d6demeniz sonras\u0131 randevunuz olu\u015fturulur ve ziyaret ger\u00e7ekle\u015ftirilir.<br \/>Ke\u015fif sonras\u0131 3 i\u015f g\u00fcn\u00fc i\u00e7erisinde ke\u015fif\/teklif raporunuz taraf\u0131n\u0131za sunulur.<\/p>\n<p>[\/vc_cta][vc_separator color=&#8221;blue&#8221; style=&#8221;shadow&#8221; css=&#8221;&#8221;][\/vc_column][\/vc_row][vc_row][vc_column width=&#8221;1\/4&#8243;][vc_single_image image=&#8221;134&#8243; css=&#8221;&#8221;][\/vc_column][vc_column width=&#8221;1\/2&#8243;][vc_custom_heading text=&#8221;Bize Ula\u015fmak \u0130\u00e7in&#8221; font_container=&#8221;tag:h4|text_align:left&#8221; google_fonts=&#8221;font_family:Oswald%3A300%2Cregular%2C700|font_style:400%20regular%3A400%3Anormal&#8221; css=&#8221;&#8221;][vc_column_text css=&#8221;&#8221;]<\/p>\n<p class=\"big\">S\u00f6\u011f\u00fctl\u00fc\u00e7e\u015fme Cad. Elmal\u0131\u00e7e\u015fme Sok. No:27\/1 KADIK\u00d6Y &#8211; \u0130STANBUL<br \/>\n<strong>\u00c7al\u0131\u015fma Saatlerimiz:<\/strong><br \/>\nPazartesi &#8211; Cuma : 9:00 18:00 Cumartesi: 9:00 14:00<br \/>\n<strong>Tel:<\/strong> +90 535 416 78 76<br \/>\n<strong>Tel:<\/strong> +90 507 617 23 74<br \/>\n<strong>E-mail:<\/strong> bilgi[@]sednainsaat.com<\/p>\n<p>[\/vc_column_text][\/vc_column][vc_column width=&#8221;1\/4&#8243;][vc_single_image image=&#8221;130&#8243; css=&#8221;&#8221;][\/vc_column][\/vc_row]<\/p>\n<\/div>","protected":false},"excerpt":{"rendered":"<p>[vc_row][vc_column][vc_separator color=&#8221;blue&#8221; style=&#8221;shadow&#8221; css=&#8221;&#8221;][\/vc_column][\/vc_row][vc_row][vc_column][vc_column_text css=&#8221;&#8221;] &#8220;As\u0131l olan yapt\u0131\u011f\u0131n\u0131z i\u015fi sevmektir. Sevdi\u011finiz i\u015f size keyif verir, ald\u0131\u011f\u0131n\u0131z keyfin kar\u015f\u0131l\u0131\u011f\u0131nda daha g\u00fczel \u015feyler yapmak istersiniz. \u0130\u015fte Ar-Ge&#8217;nin p\u00fcf<span class=\"excerpt-hellip\"> [\u2026]<\/span><\/p>\n","protected":false},"author":1,"featured_media":0,"parent":0,"menu_order":0,"comment_status":"closed","ping_status":"closed","template":"","meta":{"footnotes":""},"class_list":["post-2","page","type-page","status-publish","hentry"],"_links":{"self":[{"href":"https:\/\/sednadrenaj.com\/index.php\/wp-json\/wp\/v2\/pages\/2","targetHints":{"allow":["GET"]}}],"collection":[{"href":"https:\/\/sednadrenaj.com\/index.php\/wp-json\/wp\/v2\/pages"}],"about":[{"href":"https:\/\/sednadrenaj.com\/index.php\/wp-json\/wp\/v2\/types\/page"}],"author":[{"embeddable":true,"href":"https:\/\/sednadrenaj.com\/index.php\/wp-json\/wp\/v2\/users\/1"}],"replies":[{"embeddable":true,"href":"https:\/\/sednadrenaj.com\/index.php\/wp-json\/wp\/v2\/comments?post=2"}],"version-history":[{"count":42,"href":"https:\/\/sednadrenaj.com\/index.php\/wp-json\/wp\/v2\/pages\/2\/revisions"}],"predecessor-version":[{"id":202,"href":"https:\/\/sednadrenaj.com\/index.php\/wp-json\/wp\/v2\/pages\/2\/revisions\/202"}],"wp:attachment":[{"href":"https:\/\/sednadrenaj.com\/index.php\/wp-json\/wp\/v2\/media?parent=2"}],"curies":[{"name":"wp","href":"https:\/\/api.w.org\/{rel}","templated":true}]}}